{"id":77,"date":"2016-07-28T10:53:09","date_gmt":"2016-07-28T10:53:09","guid":{"rendered":"http:\/\/reicherz.net\/candy-apple-red_de-wp\/?page_id=77"},"modified":"2025-12-24T09:05:34","modified_gmt":"2025-12-24T07:05:34","slug":"gig-historie","status":"publish","type":"page","link":"https:\/\/reicherz.net\/candy-apple-red_de-wp\/index.php\/gig-historie\/","title":{"rendered":"GIGS SEIT 2000"},"content":{"rendered":"\n<p><strong>2025<\/strong><\/p>\n\n\n\n<p>30. August 2025 &#8211; H\u00f6chstberg<br>08. November 2025 &#8211; Rengen &#8211; Kirmes<br>23. Dezember 2025 &#8211; Daun &#8211; BENEFIZ &#8222;Sorgenlose Weihnachten&#8220;<\/p>\n\n\n\n<p><\/p>\n\n\n\n<p><strong>2024<\/strong><\/p>\n\n\n\n<p>04. Mai 2024 &#8211; Opherten &#8211; PRIVAT<br>05. Juli 2024 &#8211; H\u00f6chstberg &#8211; Sch\u00fctzenfest<br>07. September 2024 &#8211; Brodenbach &#8211; Weinfest<\/p>\n\n\n\n<p><strong>2023<\/strong><\/p>\n\n\n\n<p>29. April 2023 &#8211; H\u00f6chstberg &#8211; PRIVAT<br>30. Juni 2023 &#8211; H\u00f6chstberg &#8211; Sch\u00fctzenfest<br>09. September 2023 &#8211; Brodenbach &#8211; Weinfest<br>18. November 2023 &#8211; Uersfeld &#8211; PRIVAT<\/p>\n\n\n\n<p><\/p>\n\n\n\n<p><strong>2022<\/strong><\/p>\n\n\n\n<p>07. Mai 2022 &#8211; Uersfeld &#8211; PRIVAT<\/p>\n\n\n\n<p><\/p>\n\n\n\n<p><strong>2019<\/strong><br>13. April 2019 &#8211; VALLENDAR &#8211; PRIVAT<br>05. Juli 2019 &#8211; H\u00d6CHSTBERG &#8211; Sch\u00fctzenfest<br>31. August 2019 &#8211; TITZ-OPHERTEN<\/p>\n\n\n<table cellspacing=\"0\" cellpadding=\"3\" border=\"0\">\n<tbody>\n<tr>\n<td><b>Datum<\/b><\/td>\n<td rowspan=\"120\" width=\"10\">&nbsp;<\/td>\n<td><b>Ort<\/b><\/td>\n<td rowspan=\"120\" width=\"10\">&nbsp;<\/td>\n<td><b>PLZ<\/b><\/td>\n<td rowspan=\"120\" width=\"10\">&nbsp;<\/td>\n<td><b>Kreis<\/b><\/td>\n<\/tr>\n<tr>\n<td colspan=\"12\">\n<hr size=\"1\" noshade=\"noshade\"><\/td>\n<\/tr>\n<tr>\n<td colspan=\"7\"><b>2018<\/b><\/td>\n<td colspan=\"5\">&nbsp;<\/td>\n<\/tr>\n<tr>\n<td>29. Juni<\/td>\n<td>H\u00f6chstberg<\/td>\n<td>56767<\/td>\n<td>DAU<\/td>\n<\/tr>\n<tr>\n<td>29. April<\/td>\n<td>Kelberg<\/td>\n<td>53539<\/td>\n<td>DAU<\/td>\n<\/tr>\n<tr>\n<td colspan=\"12\">\n<hr size=\"1\" noshade=\"noshade\"><\/td>\n<\/tr>\n<tr>\n<td colspan=\"7\"><b>2017<\/b><\/td>\n<td colspan=\"5\">&nbsp;<\/td>\n<\/tr>\n<tr>\n<td>11. November<\/td>\n<td>Uersfeld<\/td>\n<td>56767<\/td>\n<td>DAU<\/td>\n<\/tr>\n<tr>\n<td>01. Juli<\/td>\n<td>H\u00f6chstberg<\/td>\n<td>56767<\/td>\n<td>DAU<\/td>\n<\/tr>\n<tr>\n<td>10. Juni<\/td>\n<td>Titz-Opherten<\/td>\n<td>52445<\/td>\n<td>DN<\/td>\n<\/tr>\n<tr>\n<td colspan=\"12\">\n<hr size=\"1\" noshade=\"noshade\"><\/td>\n<\/tr>\n<tr>\n<td colspan=\"7\"><b>2016<\/b><\/td>\n<td colspan=\"5\">&nbsp;<\/td>\n<\/tr>\n<tr>\n<td>23. Juli<\/td>\n<td>Titz-Opherten<\/td>\n<td>52445<\/td>\n<td>DN<\/td>\n<\/tr>\n<tr>\n<td>01. Juli<\/td>\n<td>H\u00f6chstberg<\/td>\n<td>56767<\/td>\n<td>DAU<\/td>\n<\/tr>\n<tr>\n<td colspan=\"12\">\n<hr size=\"1\" noshade=\"noshade\"><\/td>\n<\/tr>\n<tr>\n<td colspan=\"7\"><b>2015<\/b><\/td>\n<td colspan=\"5\">&nbsp;<\/td>\n<\/tr>\n<tr>\n<td>12. September<\/td>\n<td>Andernach<\/td>\n<td>56626<\/td>\n<td>MYK<\/td>\n<\/tr>\n<tr>\n<td>03. Juli<\/td>\n<td>H\u00f6chstberg<\/td>\n<td>56767<\/td>\n<td>DAU<\/td>\n<\/tr>\n<tr>\n<td colspan=\"12\">\n<hr size=\"1\" noshade=\"noshade\"><\/td>\n<\/tr>\n<tr>\n<td colspan=\"7\"><b>2014<\/b><\/td>\n<td colspan=\"5\">&nbsp;<\/td>\n<\/tr>\n<tr>\n<td>06. September<\/td>\n<td>Andernach<\/td>\n<td>56626<\/td>\n<td>MYK<\/td>\n<\/tr>\n<tr>\n<td>01. August<\/td>\n<td>H\u00f6chstberg<\/td>\n<td>56767<\/td>\n<td>DAU<\/td>\n<\/tr>\n<tr>\n<td colspan=\"12\">\n<hr size=\"1\" noshade=\"noshade\"><\/td>\n<\/tr>\n<tr>\n<td colspan=\"7\"><b>2013<\/b><\/td>\n<td colspan=\"5\">&nbsp;<\/td>\n<\/tr>\n<tr>\n<td>27. Dezember<\/td>\n<td>Darscheid<\/td>\n<td>54552<\/td>\n<td>DAU<\/td>\n<\/tr>\n<tr>\n<td colspan=\"12\">\n<hr size=\"1\" noshade=\"noshade\"><\/td>\n<\/tr>\n<tr>\n<td colspan=\"7\"><b>2012<\/b><\/td>\n<td colspan=\"5\">&nbsp;<\/td>\n<\/tr>\n<tr>\n<td>31. August<\/td>\n<td>P\u00fctzborn<\/td>\n<td>54550<\/td>\n<td>DAU<\/td>\n<\/tr>\n<tr>\n<td>21. Juli<\/td>\n<td>Darscheid<\/td>\n<td>54552<\/td>\n<td>DAU<\/td>\n<\/tr>\n<tr>\n<td colspan=\"12\">\n<hr size=\"1\" noshade=\"noshade\"><\/td>\n<\/tr>\n<tr>\n<td colspan=\"7\"><b>2007 &#8211; CANDY RockZ<\/b><\/td>\n<td colspan=\"5\">&nbsp;<\/td>\n<\/tr>\n<tr>\n<td>07. September<\/td>\n<td>Daun<\/td>\n<td>54550<\/td>\n<td>DAU<\/td>\n<\/tr>\n<tr>\n<td>27. Juli<\/td>\n<td>Gerolstein<\/td>\n<td>54568<\/td>\n<td>DAU<\/td>\n<\/tr>\n<tr>\n<td>23. Juni<\/td>\n<td>Daun<\/td>\n<td>54550<\/td>\n<td>DAU<\/td>\n<\/tr>\n<tr>\n<td colspan=\"12\">\n<hr size=\"1\" noshade=\"noshade\"><\/td>\n<\/tr>\n<tr>\n<td colspan=\"7\"><b>&#8222;Kick it like Candy&#8220; Tour 2006<\/b><\/td>\n<td colspan=\"5\">&nbsp;<\/td>\n<\/tr>\n<tr>\n<td>02. Dezember<\/td>\n<td>Wittlich<\/td>\n<td>54516<\/td>\n<td>WIL<\/td>\n<\/tr>\n<tr>\n<td>23. September<\/td>\n<td>Kastellaun<\/td>\n<td>56288<\/td>\n<td>SIM<\/td>\n<\/tr>\n<tr>\n<td>26. August<\/td>\n<td>Daun<\/td>\n<td>54550<\/td>\n<td>DAU<\/td>\n<\/tr>\n<tr>\n<td>11. August<\/td>\n<td>Dockweiler<\/td>\n<td>54552<\/td>\n<td>DAU<\/td>\n<\/tr>\n<tr>\n<td>29. Juli<\/td>\n<td>Gerolstein<\/td>\n<td>54568<\/td>\n<td>DAU<\/td>\n<\/tr>\n<tr>\n<td>07. Juli<\/td>\n<td>Bolsdorf<\/td>\n<td>54576<\/td>\n<td>DAU<\/td>\n<\/tr>\n<tr>\n<td>17. Juni<\/td>\n<td>Reil<\/td>\n<td>56861<\/td>\n<td>WIL<\/td>\n<\/tr>\n<tr>\n<td>02. Juni<\/td>\n<td>Boverath<\/td>\n<td>54550<\/td>\n<td>DAU<\/td>\n<\/tr>\n<tr>\n<td>05. Mai<\/td>\n<td>Burgen<\/td>\n<td>&nbsp;<\/td>\n<td>&nbsp;<\/td>\n<\/tr>\n<tr>\n<td>22. April<\/td>\n<td>Hahn<\/td>\n<td>55483<\/td>\n<td>SIM<\/td>\n<\/tr>\n<tr>\n<td>04. M\u00e4rz<\/td>\n<td>Kastellaun<\/td>\n<td>56288<\/td>\n<td>SIM<\/td>\n<\/tr>\n<tr>\n<td>10. Februar<\/td>\n<td>Farschweiler<\/td>\n<td>54317<\/td>\n<td>TR<\/td>\n<\/tr>\n<tr>\n<td colspan=\"12\">\n<hr size=\"1\" noshade=\"noshade\"><\/td>\n<\/tr>\n<tr>\n<td colspan=\"7\"><b>&#8222;Alles wird neu &#8230;&#8220; Tour 2005<\/b><\/td>\n<\/tr>\n<tr>\n<td>25. November<\/td>\n<td>Enkirch<\/td>\n<td>56850<\/td>\n<td>WIL<\/td>\n<\/tr>\n<tr>\n<td>19. November<\/td>\n<td>Gillenfeld<\/td>\n<td>54558<\/td>\n<td>DAU<\/td>\n<\/tr>\n<tr>\n<td>05. November<\/td>\n<td>Wittlich<\/td>\n<td>54516<\/td>\n<td>WIL<\/td>\n<\/tr>\n<tr>\n<td>14. Oktober<\/td>\n<td>\u00dcdersdorf<\/td>\n<td>54552<\/td>\n<td>DAU<\/td>\n<\/tr>\n<tr>\n<td>24. September<\/td>\n<td>Kastellaun<\/td>\n<td>56288<\/td>\n<td>SIM<\/td>\n<\/tr>\n<tr>\n<td>18. September<\/td>\n<td>Koblenz<\/td>\n<td>56068<\/td>\n<td>KO<\/td>\n<\/tr>\n<tr>\n<td>03. September<\/td>\n<td>Bitburg<\/td>\n<td>54636<\/td>\n<td>BIT<\/td>\n<\/tr>\n<tr>\n<td>27. August<\/td>\n<td>Fell<\/td>\n<td>54341<\/td>\n<td>TR<\/td>\n<\/tr>\n<tr>\n<td>23. Juli<\/td>\n<td>Pr\u00fcm<\/td>\n<td>54595<\/td>\n<td>BIT<\/td>\n<\/tr>\n<tr>\n<td>08. Juli<\/td>\n<td>Bolsdorf<\/td>\n<td>54576<\/td>\n<td>DAU<\/td>\n<\/tr>\n<tr>\n<td>02. Juli<\/td>\n<td>Darscheid<\/td>\n<td>54552<\/td>\n<td>DAU<\/td>\n<\/tr>\n<tr>\n<td>13. Mai<\/td>\n<td>Boverath<\/td>\n<td>54550<\/td>\n<td>DAU<\/td>\n<\/tr>\n<tr>\n<td>30. April<\/td>\n<td>Kastellaun<\/td>\n<td>56288<\/td>\n<td>SIM<\/td>\n<\/tr>\n<tr>\n<td>02. April<\/td>\n<td>Hillesheim<\/td>\n<td>54576<\/td>\n<td>DAU<\/td>\n<\/tr>\n<tr>\n<td colspan=\"12\">\n<hr size=\"1\" noshade=\"noshade\"><\/td>\n<\/tr>\n<tr>\n<td colspan=\"7\"><b><b>&#8222;Ich Candy Net&#8220; Tour 2004<\/b><\/b><\/td>\n<\/tr>\n<tr>\n<td>20. November<\/td>\n<td>Gillenfeld<\/td>\n<td>54558<\/td>\n<td>DAU<\/td>\n<\/tr>\n<tr>\n<td>22. Oktober<\/td>\n<td>Mehren<\/td>\n<td>54552<\/td>\n<td>DAU<\/td>\n<\/tr>\n<tr>\n<td>25. September<\/td>\n<td>Enkirch<\/td>\n<td>56850<\/td>\n<td>WIL<\/td>\n<\/tr>\n<tr>\n<td>18. September<\/td>\n<td>Simmerath<\/td>\n<td>52152<\/td>\n<td>AC<\/td>\n<\/tr>\n<tr>\n<td>07. August<\/td>\n<td>Daun<\/td>\n<td>54550<\/td>\n<td>DAU<\/td>\n<\/tr>\n<tr>\n<td>19. Juni<\/td>\n<td>Reil<\/td>\n<td>56861<\/td>\n<td>WIL<\/td>\n<\/tr>\n<tr>\n<td>28. Mai<\/td>\n<td>Boverath<\/td>\n<td>54550<\/td>\n<td>DAU<\/td>\n<\/tr>\n<tr>\n<td>16. Januar<\/td>\n<td>H\u00f6chstberg<\/td>\n<td>56767<\/td>\n<td>DAU<\/td>\n<\/tr>\n<tr>\n<td colspan=\"12\">\n<hr size=\"1\" noshade=\"noshade\"><\/td>\n<\/tr>\n<tr>\n<td colspan=\"7\"><b><b>Chaos-Tour 2003<\/b><\/b><\/td>\n<\/tr>\n<tr>\n<td>06. Dezember<\/td>\n<td>Schwirzheim<\/td>\n<td>54597<\/td>\n<td>BIT<\/td>\n<\/tr>\n<tr>\n<td>22. November<\/td>\n<td>Gillenfeld<\/td>\n<td>54558<\/td>\n<td>DAU<\/td>\n<\/tr>\n<tr>\n<td>15. November<\/td>\n<td>B\u00fcchel<\/td>\n<td>56823<\/td>\n<td>COC<\/td>\n<\/tr>\n<tr>\n<td>20. September<\/td>\n<td>Bitburg<\/td>\n<td>54634<\/td>\n<td>BIT<\/td>\n<\/tr>\n<tr>\n<td>19. September<\/td>\n<td>Schmitt<\/td>\n<td>56825<\/td>\n<td>COC<\/td>\n<\/tr>\n<tr>\n<td>12. August<\/td>\n<td>Daun<\/td>\n<td>54550<\/td>\n<td>DAU<\/td>\n<\/tr>\n<tr>\n<td>09. August<\/td>\n<td>N\u00fcrburgring<\/td>\n<td>53520<\/td>\n<td>AW<\/td>\n<\/tr>\n<tr>\n<td>08. August<\/td>\n<td>N\u00fcrburgring<\/td>\n<td>53520<\/td>\n<td>AW<\/td>\n<\/tr>\n<tr>\n<td>20. Juni<\/td>\n<td>Daun<\/td>\n<td>54550<\/td>\n<td>DAU<\/td>\n<\/tr>\n<tr>\n<td>29. Mai<\/td>\n<td>N\u00fcrburgring<\/td>\n<td>53520<\/td>\n<td>AW<\/td>\n<\/tr>\n<tr>\n<td>28. Mai<\/td>\n<td>N\u00fcrburgring<\/td>\n<td>53520<\/td>\n<td>AW<\/td>\n<\/tr>\n<tr>\n<td>05. April<\/td>\n<td>Th\u00fcr<\/td>\n<td>56743<\/td>\n<td>MYK<\/td>\n<\/tr>\n<tr>\n<td>04. April<\/td>\n<td>Th\u00fcr<\/td>\n<td>56743<\/td>\n<td>MYK<\/td>\n<\/tr>\n<tr>\n<td>18. Januar<\/td>\n<td>H\u00f6chstberg<\/td>\n<td>56767<\/td>\n<td>DAU<\/td>\n<\/tr>\n<tr>\n<td>11. Januar<\/td>\n<td>Schmitt<\/td>\n<td>56825<\/td>\n<td>COC<\/td>\n<\/tr>\n<tr>\n<td colspan=\"12\">\n<hr size=\"1\" noshade=\"noshade\"><\/td>\n<\/tr>\n<tr>\n<td colspan=\"12\"><b><b>2002<\/b><\/b><\/td>\n<\/tr>\n<tr>\n<td>20. Oktober<\/td>\n<td>Daun<\/td>\n<td>54550<\/td>\n<td>DAU<\/td>\n<\/tr>\n<tr>\n<td>12. Oktober<\/td>\n<td>Schwirzheim<\/td>\n<td>54597<\/td>\n<td>DAU<\/td>\n<\/tr>\n<tr>\n<td>28. September<\/td>\n<td>Oberkail<\/td>\n<td>54533<\/td>\n<td>BIT<\/td>\n<\/tr>\n<tr>\n<td>06. September<\/td>\n<td>Tettscheid<\/td>\n<td>54552<\/td>\n<td>DAU<\/td>\n<\/tr>\n<tr>\n<td>31. August<\/td>\n<td>\u00dcdersdorf<\/td>\n<td>54552<\/td>\n<td>DAU<\/td>\n<\/tr>\n<tr>\n<td>23. August<\/td>\n<td>Kelberg<\/td>\n<td>53539<\/td>\n<td>DAU<\/td>\n<\/tr>\n<tr>\n<td>14. August<\/td>\n<td>Daun<\/td>\n<td>54550<\/td>\n<td>DAU<\/td>\n<\/tr>\n<tr>\n<td>10. August<\/td>\n<td>Daun<\/td>\n<td>54550<\/td>\n<td>DAU<\/td>\n<\/tr>\n<tr>\n<td>16. Juni<\/td>\n<td>Daun<\/td>\n<td>54550<\/td>\n<td>DAU<\/td>\n<\/tr>\n<tr>\n<td>08. Mai<\/td>\n<td>Gerolstein<\/td>\n<td>54568<\/td>\n<td>DAU<\/td>\n<\/tr>\n<tr>\n<td>06. April<\/td>\n<td>Mayen<\/td>\n<td>56727<\/td>\n<td>MYK<\/td>\n<\/tr>\n<tr>\n<td>19. Januar<\/td>\n<td>H\u00f6chstberg<\/td>\n<td>56767<\/td>\n<td>DAU<\/td>\n<\/tr>\n<tr>\n<td colspan=\"12\">\n<hr size=\"1\" noshade=\"noshade\"><\/td>\n<\/tr>\n<tr>\n<td colspan=\"12\"><b><b>2001<\/b><\/b><\/td>\n<\/tr>\n<tr>\n<td>13. Oktober<\/td>\n<td>R\u00f6hl<\/td>\n<td>54636<\/td>\n<td>BIT<\/td>\n<\/tr>\n<tr>\n<td>12. Oktober<\/td>\n<td>\u00dcdersdorf<\/td>\n<td>54552<\/td>\n<td>DAU<\/td>\n<\/tr>\n<tr>\n<td>06. Juli<\/td>\n<td>Uersfeld<\/td>\n<td>56767<\/td>\n<td>DAU<\/td>\n<\/tr>\n<tr>\n<td>17. Juni<\/td>\n<td>Daun<\/td>\n<td>54550<\/td>\n<td>DAU<\/td>\n<\/tr>\n<tr>\n<td>08. Juni<\/td>\n<td>P\u00fctzborn<\/td>\n<td>54550<\/td>\n<td>DAU<\/td>\n<\/tr>\n<tr>\n<td>05. Mai<\/td>\n<td>Retterath<\/td>\n<td>56769<\/td>\n<td>DAU<\/td>\n<\/tr>\n<tr>\n<td>27. April<\/td>\n<td>Daun<\/td>\n<td>54550<\/td>\n<td>DAU<\/td>\n<\/tr>\n<tr>\n<td>13. Januar<\/td>\n<td>H\u00f6chstberg<\/td>\n<td>56767<\/td>\n<td>DAU<\/td>\n<\/tr>\n<tr>\n<td colspan=\"12\">\n<hr size=\"1\" noshade=\"noshade\"><\/td>\n<\/tr>\n<tr>\n<td colspan=\"12\"><b><b>2000<\/b><\/b><\/td>\n<\/tr>\n<tr>\n<td>06. August<\/td>\n<td>Daun<\/td>\n<td>54550<\/td>\n<td>DAU<\/td>\n<\/tr>\n<tr>\n<td>18. Juni<\/td>\n<td>Daun<\/td>\n<td>54550<\/td>\n<td>DAU<\/td>\n<\/tr>\n<tr>\n<td>25. M\u00e4rz<\/td>\n<td>J\u00fcnkerath<\/td>\n<td>54584<\/td>\n<td>DAU<\/td>\n<\/tr>\n<tr>\n<td colspan=\"12\">\n<hr size=\"1\" noshade=\"noshade\"><\/td>\n<\/tr>\n<\/tbody>\n<\/table>","protected":false},"excerpt":{"rendered":"<p>2025 30. August 2025 &#8211; H\u00f6chstberg08. November 2025 &#8211; Rengen &#8211; Kirmes23. Dezember 2025 &#8211; Daun &#8211; BENEFIZ &#8222;Sorgenlose Weihnachten&#8220; 2024 04. Mai 2024 &#8211; Opherten &#8211; PRIVAT05. Juli 2024 &#8211; H\u00f6chstberg &#8211; Sch\u00fctzenfest07. September 2024 &#8211; Brodenbach &#8211; Weinfest 2023 29. April 2023 &#8211; H\u00f6chstberg &#8211; PRIVAT30. Juni 2023 &#8211; H\u00f6chstberg &#8211; Sch\u00fctzenfest09. September [&hellip;]<\/p>\n","protected":false},"author":1,"featured_media":0,"parent":0,"menu_order":0,"comment_status":"closed","ping_status":"closed","template":"","meta":{"footnotes":""},"class_list":["post-77","page","type-page","status-publish","hentry"],"_links":{"self":[{"href":"https:\/\/reicherz.net\/candy-apple-red_de-wp\/index.php\/wp-json\/wp\/v2\/pages\/77","targetHints":{"allow":["GET"]}}],"collection":[{"href":"https:\/\/reicherz.net\/candy-apple-red_de-wp\/index.php\/wp-json\/wp\/v2\/pages"}],"about":[{"href":"https:\/\/reicherz.net\/candy-apple-red_de-wp\/index.php\/wp-json\/wp\/v2\/types\/page"}],"author":[{"embeddable":true,"href":"https:\/\/reicherz.net\/candy-apple-red_de-wp\/index.php\/wp-json\/wp\/v2\/users\/1"}],"replies":[{"embeddable":true,"href":"https:\/\/reicherz.net\/candy-apple-red_de-wp\/index.php\/wp-json\/wp\/v2\/comments?post=77"}],"version-history":[{"count":12,"href":"https:\/\/reicherz.net\/candy-apple-red_de-wp\/index.php\/wp-json\/wp\/v2\/pages\/77\/revisions"}],"predecessor-version":[{"id":252,"href":"https:\/\/reicherz.net\/candy-apple-red_de-wp\/index.php\/wp-json\/wp\/v2\/pages\/77\/revisions\/252"}],"wp:attachment":[{"href":"https:\/\/reicherz.net\/candy-apple-red_de-wp\/index.php\/wp-json\/wp\/v2\/media?parent=77"}],"curies":[{"name":"wp","href":"https:\/\/api.w.org\/{rel}","templated":true}]}}